{"id":124,"date":"2025-07-16T19:42:53","date_gmt":"2025-07-16T19:42:53","guid":{"rendered":"https:\/\/uudet.vuokraonline.fi\/?page_id=124"},"modified":"2025-10-20T10:46:31","modified_gmt":"2025-10-20T10:46:31","slug":"kumpusaarentie-56-kuopio-2","status":"publish","type":"page","link":"https:\/\/www.vuokraonline.fi\/index.php\/kumpusaarentie-56-kuopio-2\/","title":{"rendered":"Kumpusaarentie 56, Kuopio"},"content":{"rendered":"\n[et_pb_section fb_built=&#8221;1&#8243; custom_padding_last_edited=&#8221;on|phone&#8221; admin_label=&#8221;Header&#8221; _builder_version=&#8221;4.27.4&#8243; _module_preset=&#8221;37f5b643-fb8c-4844-811b-3e79047ac5f1&#8243; background_enable_color=&#8221;off&#8221; background_color_gradient_stops=&#8221;rgba(0,0,0,0.44) 0%|rgba(0,0,0,0.3) 100%&#8221; background_image=&#8221;https:\/\/uudet.vuokraonline.fi\/wp-content\/uploads\/2025\/07\/Kumpusaarentie-56-Kuopio.png&#8221; background_position=&#8221;top_center&#8221; height=&#8221;100vh&#8221; height_tablet=&#8221;&#8221; height_phone=&#8221;53vh&#8221; height_last_edited=&#8221;on|tablet&#8221; custom_padding=&#8221;20vw||0px||false|false&#8221; custom_padding_tablet=&#8221;20vw||0px||false|false&#8221; custom_padding_phone=&#8221;20vw||0px||false|false&#8221; background_last_edited=&#8221;on|phone&#8221; background_size_phone=&#8221;cover&#8221; background_vertical_offset_phone=&#8221;48%&#8221; global_colors_info=&#8221;{}&#8221;][et_pb_row _builder_version=&#8221;4.27.4&#8243; _module_preset=&#8221;d2b03d10-1829-4b8a-bc73-4e42bc0d3a73&#8243; global_colors_info=&#8221;{}&#8221;][et_pb_column type=&#8221;4_4&#8243; _builder_version=&#8221;4.25.2&#8243; _module_preset=&#8221;default&#8221; global_colors_info=&#8221;{}&#8221;][et_pb_heading title=&#8221;Kumpusaarentie 56, Kuopio&#8221; _builder_version=&#8221;4.27.4&#8243; _module_preset=&#8221;0a7e8b32-47f4-4c8f-afc1-21bd78a3cee9&#8243; title_text_color=&#8221;#FFFFFF&#8221; max_width=&#8221;1080px&#8221; title_font_size_phone=&#8221;30px&#8221; global_colors_info=&#8221;{}&#8221;][\/et_pb_heading][\/et_pb_column][\/et_pb_row][\/et_pb_section][et_pb_section fb_built=&#8221;1&#8243; admin_label=&#8221;Header&#8221; _builder_version=&#8221;4.25.2&#8243; _module_preset=&#8221;default&#8221; background_enable_color=&#8221;off&#8221; locked=&#8221;off&#8221; global_colors_info=&#8221;{%22gcid-b6c4f12c-f25d-4f61-9fb1-6e96404634cd%22:%91%22background_color%22%93}&#8221;][et_pb_row column_structure=&#8221;3_5,2_5&#8243; _builder_version=&#8221;4.27.4&#8243; _module_preset=&#8221;e88d693a-9397-4856-ba57-5eb34aee000b&#8221; custom_margin=&#8221;0px|auto||auto|false|false&#8221; custom_padding=&#8221;0px||||false|false&#8221; global_colors_info=&#8221;{}&#8221;][et_pb_column type=&#8221;3_5&#8243; _builder_version=&#8221;4.25.2&#8243; _module_preset=&#8221;default&#8221; global_colors_info=&#8221;{}&#8221;][et_pb_text quote_border_color=&#8221;#15c586&#8243; _builder_version=&#8221;4.27.4&#8243; _module_preset=&#8221;77930e9a-8237-4b41-a4aa-f59a689f610b&#8221; link_text_color=&#8221;#15c586&#8243; quote_text_color=&#8221;#15c586&#8243; header_2_font_size=&#8221;40px&#8221; global_colors_info=&#8221;{}&#8221;]<h3>Toimisto- ja varastotilaa Kumpusaaressa<br \/><span><\/span><\/h3>\n<p style=\"font-weight: 400;\"><span>Erinomaisella sijainnilla oleva toimitilakokonaisuus j\u00e4rvin\u00e4kymin. Isompi hallirakennus on noin 900m2 kokoinen halli-\/toimistokokonaisuus ja pienempi varastorakennus noin 230m2.\u00a0<\/span><\/p>\n<h3>Kumpusaaren kiinteist\u00f6n tiedot p\u00e4hkin\u00e4nkuoressa<span style=\"font-size: 16px; font-family: var(--et_global_body_font),serif; color: #666666;\"><\/span><\/h3>\n<ul>\n<li><span>Maal\u00e4mp\u00f6 &amp; lattial\u00e4mmitys \u2013 energiatehokas ja miellytt\u00e4v\u00e4<\/span><\/li>\n<li><span>Toimitilatyypit: toimisto + varasto<\/span><\/li>\n<li><span style=\"font-size: 16px; font-family: var(--et_global_body_font),serif;\">Sijainti: Kumpusaarentie 56, Kuopio<\/span><\/li>\n<li>Kiinteist\u00f6n tilat on vuokrattu kokonaan kahdelle k\u00e4ytt\u00e4j\u00e4lle<\/li>\n<li>Pohjois-Savon Hyvinvointialue<\/li>\n<li>Pohjois-Suomen Kuivaustekniikka Oy<\/li>\n<\/ul>\n<h2><span>Miksi t\u00e4m\u00e4 kohde?<\/span><\/h2>\n<p style=\"font-weight: 400;\"><span>Sopii pk-yritykselle, joka haluaa yhdist\u00e4\u00e4 hallitun varastoinnin ja toimivan toimistoarjen. Maal\u00e4mp\u00f6, vesikiertoinen lattial\u00e4mmitys, tehokas LED-valaistus, s\u00e4hk\u00f6k\u00e4ytt\u00f6iset nosto-ovet kaukos\u00e4\u00e4timill\u00e4 tuovat kaikki k\u00e4yt\u00f6n mukavuutta.<\/span><\/p>\n<p style=\"font-weight: 400;\"><span>Kumpusaareen on sujuvat yhteydet my\u00f6s bussilla, py\u00f6r\u00e4illen tai vaikka veneell\u00e4. Henkil\u00f6kuntakin viihtyy kun toimistojen maisemat Kallavedelle ovat upeat, l\u00e4hist\u00f6ll\u00e4 on lounasravintoloita ja lis\u00e4\u00e4 tulossa. Kuopion paras kuntosali on naapurissa ja uusi suunnitteilla naapuritontille. Padel-halli ihan vieress\u00e4.<\/span><\/p>[\/et_pb_text][\/et_pb_column][et_pb_column type=&#8221;2_5&#8243; _builder_version=&#8221;4.25.2&#8243; _module_preset=&#8221;default&#8221; global_colors_info=&#8221;{}&#8221;][et_pb_image src=&#8221;https:\/\/uudet.vuokraonline.fi\/wp-content\/uploads\/2025\/06\/vuokraonline-kuvitus.png&#8221; title_text=&#8221;vuokraonline kuvitus&#8221; _builder_version=&#8221;4.27.4&#8243; _module_preset=&#8221;default&#8221; global_colors_info=&#8221;{}&#8221;][\/et_pb_image][et_pb_image src=&#8221;https:\/\/uudet.vuokraonline.fi\/wp-content\/uploads\/2025\/07\/Kumpusaarentie-56-kuva-2.jpg&#8221; alt=&#8221;Kumpusaarentie 56 kuva 2&#8243; title_text=&#8221;Kumpusaarentie 56 kuva 2&#8243; _builder_version=&#8221;4.27.4&#8243; _module_preset=&#8221;default&#8221; global_colors_info=&#8221;{}&#8221;][\/et_pb_image][\/et_pb_column][\/et_pb_row][et_pb_row _builder_version=&#8221;4.27.4&#8243; _module_preset=&#8221;default&#8221; global_colors_info=&#8221;{}&#8221;][et_pb_column type=&#8221;4_4&#8243; _builder_version=&#8221;4.27.4&#8243; _module_preset=&#8221;default&#8221; global_colors_info=&#8221;{}&#8221;][et_pb_text quote_border_color=&#8221;#15c586&#8243; _builder_version=&#8221;4.27.4&#8243; _module_preset=&#8221;77930e9a-8237-4b41-a4aa-f59a689f610b&#8221; link_text_color=&#8221;#15c586&#8243; quote_text_color=&#8221;#15c586&#8243; header_2_font_size=&#8221;49px&#8221; global_colors_info=&#8221;{}&#8221;]<h3 class=\"p1\">Ota yhteytt\u00e4 \u2013 kerromme mielell\u00e4mme lis\u00e4\u00e4<\/h3>\n<p class=\"p3\">Etsitk\u00f6 toimitilaa, joka on heti k\u00e4ytt\u00f6valmis? Haluatko neuvotella tiloista suoraan vuokranantajan kanssa? Me autamme l\u00f6yt\u00e4m\u00e4\u00e4n juuri sinun yrityksellesi sopivan ratkaisun.<\/p>[\/et_pb_text][et_pb_button button_url=&#8221;@ET-DC@eyJkeW5hbWljIjp0cnVlLCJjb250ZW50IjoicG9zdF9saW5rX3VybF9wYWdlIiwic2V0dGluZ3MiOnsicG9zdF9pZCI6IjI1MSJ9fQ==@&#8221; button_text=&#8221;ota yhteytt\u00e4&#8221; button_alignment=&#8221;center&#8221; _builder_version=&#8221;4.27.4&#8243; _dynamic_attributes=&#8221;button_url&#8221; _module_preset=&#8221;a7394296-27e9-4570-9403-b72434fd4777&#8243; global_colors_info=&#8221;{}&#8221;][\/et_pb_button][\/et_pb_column][\/et_pb_row][\/et_pb_section]\n","protected":false},"excerpt":{"rendered":"<p>Toimisto- ja varastotilaa Kumpusaaressa Erinomaisella sijainnilla oleva toimitilakokonaisuus j\u00e4rvin\u00e4kymin. Isompi hallirakennus on noin 900m2 kokoinen halli-\/toimistokokonaisuus ja pienempi varastorakennus noin 230m2.\u00a0 Kumpusaaren kiinteist\u00f6n tiedot p\u00e4hkin\u00e4nkuoressa Maal\u00e4mp\u00f6 &amp; lattial\u00e4mmitys \u2013 energiatehokas ja miellytt\u00e4v\u00e4 Toimitilatyypit: toimisto + varasto Sijainti: Kumpusaarentie 56, Kuopio Kiinteist\u00f6n tilat on vuokrattu kokonaan kahdelle k\u00e4ytt\u00e4j\u00e4lle Pohjois-Savon Hyvinvointialue Pohjois-Suomen Kuivaustekniikka Oy Miksi t\u00e4m\u00e4 kohde? [&hellip;]<\/p>\n","protected":false},"author":1,"featured_media":0,"parent":0,"menu_order":0,"comment_status":"closed","ping_status":"closed","template":"","meta":{"_et_pb_use_builder":"on","_et_pb_old_content":"","_et_gb_content_width":"","footnotes":""},"class_list":["post-124","page","type-page","status-publish","hentry"],"yoast_head":"<!-- This site is optimized with the Yoast SEO plugin v26.1 - https:\/\/yoast.com\/wordpress\/plugins\/seo\/ -->\n<title>Toimitilat Kumpusaarentie 56, Kuopio | VuokraOnline<\/title>\n<meta name=\"description\" content=\"Kumpusaarentie 56 tarjoaa monipuoliset toimitilat Kuopiossa. Soveltuu tuotantoon, varastointiin tai liiketoimintaan. Tutustu tilaan!\" \/>\n<meta name=\"robots\" content=\"index, follow, max-snippet:-1, max-image-preview:large, max-video-preview:-1\" \/>\n<link rel=\"canonical\" href=\"https:\/\/www.vuokraonline.fi\/index.php\/kumpusaarentie-56-kuopio-2\/\" \/>\n<meta property=\"og:locale\" content=\"fi_FI\" \/>\n<meta property=\"og:type\" content=\"article\" \/>\n<meta property=\"og:title\" content=\"Toimitilat Kumpusaarentie 56, Kuopio | VuokraOnline\" \/>\n<meta property=\"og:description\" content=\"Kumpusaarentie 56 tarjoaa monipuoliset toimitilat Kuopiossa. Soveltuu tuotantoon, varastointiin tai liiketoimintaan. Tutustu tilaan!\" \/>\n<meta property=\"og:url\" content=\"https:\/\/www.vuokraonline.fi\/index.php\/kumpusaarentie-56-kuopio-2\/\" \/>\n<meta property=\"og:site_name\" content=\"Vuokraonline\" \/>\n<meta property=\"article:modified_time\" content=\"2025-10-20T10:46:31+00:00\" \/>\n<meta name=\"twitter:card\" content=\"summary_large_image\" \/>\n<meta name=\"twitter:label1\" content=\"Arvioitu lukuaika\" \/>\n\t<meta name=\"twitter:data1\" content=\"2 minuuttia\" \/>\n<script type=\"application\/ld+json\" class=\"yoast-schema-graph\">{\"@context\":\"https:\/\/schema.org\",\"@graph\":[{\"@type\":\"WebPage\",\"@id\":\"https:\/\/www.vuokraonline.fi\/index.php\/kumpusaarentie-56-kuopio-2\/\",\"url\":\"https:\/\/www.vuokraonline.fi\/index.php\/kumpusaarentie-56-kuopio-2\/\",\"name\":\"Toimitilat Kumpusaarentie 56, Kuopio | VuokraOnline\",\"isPartOf\":{\"@id\":\"https:\/\/www.vuokraonline.fi\/#website\"},\"datePublished\":\"2025-07-16T19:42:53+00:00\",\"dateModified\":\"2025-10-20T10:46:31+00:00\",\"description\":\"Kumpusaarentie 56 tarjoaa monipuoliset toimitilat Kuopiossa. Soveltuu tuotantoon, varastointiin tai liiketoimintaan. Tutustu tilaan!\",\"breadcrumb\":{\"@id\":\"https:\/\/www.vuokraonline.fi\/index.php\/kumpusaarentie-56-kuopio-2\/#breadcrumb\"},\"inLanguage\":\"fi\",\"potentialAction\":[{\"@type\":\"ReadAction\",\"target\":[\"https:\/\/www.vuokraonline.fi\/index.php\/kumpusaarentie-56-kuopio-2\/\"]}]},{\"@type\":\"BreadcrumbList\",\"@id\":\"https:\/\/www.vuokraonline.fi\/index.php\/kumpusaarentie-56-kuopio-2\/#breadcrumb\",\"itemListElement\":[{\"@type\":\"ListItem\",\"position\":1,\"name\":\"Etusivu\",\"item\":\"https:\/\/www.vuokraonline.fi\/\"},{\"@type\":\"ListItem\",\"position\":2,\"name\":\"Kumpusaarentie 56, Kuopio\"}]},{\"@type\":\"WebSite\",\"@id\":\"https:\/\/www.vuokraonline.fi\/#website\",\"url\":\"https:\/\/www.vuokraonline.fi\/\",\"name\":\"Vuokraonline\",\"description\":\"\",\"potentialAction\":[{\"@type\":\"SearchAction\",\"target\":{\"@type\":\"EntryPoint\",\"urlTemplate\":\"https:\/\/www.vuokraonline.fi\/?s={search_term_string}\"},\"query-input\":{\"@type\":\"PropertyValueSpecification\",\"valueRequired\":true,\"valueName\":\"search_term_string\"}}],\"inLanguage\":\"fi\"}]}<\/script>\n<!-- \/ Yoast SEO plugin. -->","yoast_head_json":{"title":"Toimitilat Kumpusaarentie 56, Kuopio | VuokraOnline","description":"Kumpusaarentie 56 tarjoaa monipuoliset toimitilat Kuopiossa. Soveltuu tuotantoon, varastointiin tai liiketoimintaan. Tutustu tilaan!","robots":{"index":"index","follow":"follow","max-snippet":"max-snippet:-1","max-image-preview":"max-image-preview:large","max-video-preview":"max-video-preview:-1"},"canonical":"https:\/\/www.vuokraonline.fi\/index.php\/kumpusaarentie-56-kuopio-2\/","og_locale":"fi_FI","og_type":"article","og_title":"Toimitilat Kumpusaarentie 56, Kuopio | VuokraOnline","og_description":"Kumpusaarentie 56 tarjoaa monipuoliset toimitilat Kuopiossa. Soveltuu tuotantoon, varastointiin tai liiketoimintaan. Tutustu tilaan!","og_url":"https:\/\/www.vuokraonline.fi\/index.php\/kumpusaarentie-56-kuopio-2\/","og_site_name":"Vuokraonline","article_modified_time":"2025-10-20T10:46:31+00:00","twitter_card":"summary_large_image","twitter_misc":{"Arvioitu lukuaika":"2 minuuttia"},"schema":{"@context":"https:\/\/schema.org","@graph":[{"@type":"WebPage","@id":"https:\/\/www.vuokraonline.fi\/index.php\/kumpusaarentie-56-kuopio-2\/","url":"https:\/\/www.vuokraonline.fi\/index.php\/kumpusaarentie-56-kuopio-2\/","name":"Toimitilat Kumpusaarentie 56, Kuopio | VuokraOnline","isPartOf":{"@id":"https:\/\/www.vuokraonline.fi\/#website"},"datePublished":"2025-07-16T19:42:53+00:00","dateModified":"2025-10-20T10:46:31+00:00","description":"Kumpusaarentie 56 tarjoaa monipuoliset toimitilat Kuopiossa. Soveltuu tuotantoon, varastointiin tai liiketoimintaan. Tutustu tilaan!","breadcrumb":{"@id":"https:\/\/www.vuokraonline.fi\/index.php\/kumpusaarentie-56-kuopio-2\/#breadcrumb"},"inLanguage":"fi","potentialAction":[{"@type":"ReadAction","target":["https:\/\/www.vuokraonline.fi\/index.php\/kumpusaarentie-56-kuopio-2\/"]}]},{"@type":"BreadcrumbList","@id":"https:\/\/www.vuokraonline.fi\/index.php\/kumpusaarentie-56-kuopio-2\/#breadcrumb","itemListElement":[{"@type":"ListItem","position":1,"name":"Etusivu","item":"https:\/\/www.vuokraonline.fi\/"},{"@type":"ListItem","position":2,"name":"Kumpusaarentie 56, Kuopio"}]},{"@type":"WebSite","@id":"https:\/\/www.vuokraonline.fi\/#website","url":"https:\/\/www.vuokraonline.fi\/","name":"Vuokraonline","description":"","potentialAction":[{"@type":"SearchAction","target":{"@type":"EntryPoint","urlTemplate":"https:\/\/www.vuokraonline.fi\/?s={search_term_string}"},"query-input":{"@type":"PropertyValueSpecification","valueRequired":true,"valueName":"search_term_string"}}],"inLanguage":"fi"}]}},"_links":{"self":[{"href":"https:\/\/www.vuokraonline.fi\/index.php\/wp-json\/wp\/v2\/pages\/124","targetHints":{"allow":["GET"]}}],"collection":[{"href":"https:\/\/www.vuokraonline.fi\/index.php\/wp-json\/wp\/v2\/pages"}],"about":[{"href":"https:\/\/www.vuokraonline.fi\/index.php\/wp-json\/wp\/v2\/types\/page"}],"author":[{"embeddable":true,"href":"https:\/\/www.vuokraonline.fi\/index.php\/wp-json\/wp\/v2\/users\/1"}],"replies":[{"embeddable":true,"href":"https:\/\/www.vuokraonline.fi\/index.php\/wp-json\/wp\/v2\/comments?post=124"}],"version-history":[{"count":11,"href":"https:\/\/www.vuokraonline.fi\/index.php\/wp-json\/wp\/v2\/pages\/124\/revisions"}],"predecessor-version":[{"id":441,"href":"https:\/\/www.vuokraonline.fi\/index.php\/wp-json\/wp\/v2\/pages\/124\/revisions\/441"}],"wp:attachment":[{"href":"https:\/\/www.vuokraonline.fi\/index.php\/wp-json\/wp\/v2\/media?parent=124"}],"curies":[{"name":"wp","href":"https:\/\/api.w.org\/{rel}","templated":true}]}}