{"id":151,"date":"2025-08-06T15:07:19","date_gmt":"2025-08-06T15:07:19","guid":{"rendered":"https:\/\/uudet.vuokraonline.fi\/?page_id=151"},"modified":"2025-10-20T09:19:35","modified_gmt":"2025-10-20T09:19:35","slug":"toimitilat","status":"publish","type":"page","link":"https:\/\/www.vuokraonline.fi\/index.php\/toimitilat\/","title":{"rendered":"Toimitilamme"},"content":{"rendered":"\n[et_pb_section fb_built=&#8221;1&#8243; custom_padding_last_edited=&#8221;on|phone&#8221; admin_label=&#8221;Header&#8221; _builder_version=&#8221;4.27.4&#8243; _module_preset=&#8221;37f5b643-fb8c-4844-811b-3e79047ac5f1&#8243; background_enable_color=&#8221;off&#8221; background_color_gradient_stops=&#8221;rgba(0,0,0,0.44) 0%|rgba(0,0,0,0.3) 100%&#8221; background_image=&#8221;https:\/\/uudet.vuokraonline.fi\/wp-content\/uploads\/2025\/06\/Photoroom-20241009_110938.png&#8221; background_position=&#8221;top_center&#8221; height=&#8221;100vh&#8221; height_tablet=&#8221;&#8221; height_phone=&#8221;53vh&#8221; height_last_edited=&#8221;on|tablet&#8221; custom_padding=&#8221;20vw||0px||false|false&#8221; custom_padding_tablet=&#8221;20vw||0px||false|false&#8221; custom_padding_phone=&#8221;20vw||0px||false|false&#8221; background_last_edited=&#8221;on|phone&#8221; background_size_phone=&#8221;cover&#8221; background_vertical_offset_phone=&#8221;48%&#8221; global_colors_info=&#8221;{}&#8221;][et_pb_row _builder_version=&#8221;4.25.2&#8243; _module_preset=&#8221;d2b03d10-1829-4b8a-bc73-4e42bc0d3a73&#8243; global_colors_info=&#8221;{}&#8221;][et_pb_column type=&#8221;4_4&#8243; _builder_version=&#8221;4.25.2&#8243; _module_preset=&#8221;default&#8221; global_colors_info=&#8221;{}&#8221;][et_pb_heading title=&#8221;Toimitilat yrityksille&#8221; _builder_version=&#8221;4.27.4&#8243; _module_preset=&#8221;0a7e8b32-47f4-4c8f-afc1-21bd78a3cee9&#8243; title_text_color=&#8221;#FFFFFF&#8221; max_width=&#8221;1080px&#8221; title_font_size_phone=&#8221;45px&#8221; global_colors_info=&#8221;{}&#8221;][\/et_pb_heading][\/et_pb_column][\/et_pb_row][\/et_pb_section][et_pb_section fb_built=&#8221;1&#8243; admin_label=&#8221;Listings&#8221; _builder_version=&#8221;4.25.2&#8243; _module_preset=&#8221;default&#8221; locked=&#8221;off&#8221; global_colors_info=&#8221;{}&#8221;][et_pb_row _builder_version=&#8221;4.25.2&#8243; _module_preset=&#8221;d2b03d10-1829-4b8a-bc73-4e42bc0d3a73&#8243; global_colors_info=&#8221;{}&#8221;][et_pb_column type=&#8221;4_4&#8243; _builder_version=&#8221;4.25.2&#8243; _module_preset=&#8221;default&#8221; global_colors_info=&#8221;{}&#8221;][et_pb_heading title=&#8221;Toimitiloja moneen tarpeeseen&#8221; _builder_version=&#8221;4.27.4&#8243; _module_preset=&#8221;1adda5de-f446-4a77-897a-417c90a0cf22&#8243; title_text_align_tablet=&#8221;&#8221; title_text_align_phone=&#8221;center&#8221; title_text_align_last_edited=&#8221;on|phone&#8221; global_colors_info=&#8221;{}&#8221;][\/et_pb_heading][et_pb_text _builder_version=&#8221;4.27.4&#8243; _module_preset=&#8221;default&#8221; text_font=&#8221;&#8211;et_global_body_font||||||||&#8221; text_font_size=&#8221;16px&#8221; text_line_height=&#8221;1.8em&#8221; custom_padding=&#8221;||2px|||&#8221; global_colors_info=&#8221;{}&#8221;]<div>\n<p class=\"p1\"><span>Vuokraonline tarjoaa yrityksille kattavan valikoiman toimitiloja Kuopiossa, Varkaudessa ja Siilinj\u00e4rvell\u00e4. Olipa kyseess\u00e4 pienimuotoinen toimisto, n\u00e4ytt\u00e4v\u00e4 liiketila tai tehokas tuotanto-\/varastotila, meilt\u00e4 l\u00f6yd\u00e4t toimivat ja hyvin hoidetut ratkaisut yrityksesi k\u00e4ytt\u00f6\u00f6n.<o:p><\/o:p><\/span><\/p>\n<\/div>\n<div>\n<p class=\"p1\"><span>Olemme toimineet toimitilojen rakentajana ja vuokranantajana jo yli 40 vuoden ajan. Tunnemme alueen, sen yritykset ja liiketoiminnan tarpeet. Meill\u00e4 asiointi on suoraa, selke\u00e4\u00e4 ja mutkatonta \u2013 suoraan vuokranantajan kanssa ilman v\u00e4lik\u00e4si\u00e4.<o:p><\/o:p><\/span><\/p>\n<\/div>\n<div>\n<p class=\"p1\"><b><span>Toimistotilat<\/span><\/b><span><o:p><\/o:p><\/span><\/p>\n<\/div>\n<div>\n<p class=\"p2\"><span>\u2013 Modernit ja muunneltavat tilat, jotka sopivat niin yksinyritt\u00e4j\u00e4lle kuin isommallekin tiimille.<o:p><\/o:p><\/span><\/p>\n<\/div>\n<div>\n<p class=\"p1\"><b><span>Liiketilat<\/span><\/b><span><o:p><\/o:p><\/span><\/p>\n<\/div>\n<div>\n<p class=\"p2\"><span>\u2013 Asiakasvirtojen \u00e4\u00e4rell\u00e4 sijaitsevia tiloja n\u00e4kyvill\u00e4 paikoilla \u2013 sopivat mm. myym\u00e4l\u00e4- tai asiakaspalveluk\u00e4ytt\u00f6\u00f6n.<o:p><\/o:p><\/span><\/p>\n<\/div>\n<div>\n<p class=\"p1\"><b><span>Hallit ja tuotantotilat<\/span><\/b><span><o:p><\/o:p><\/span><\/p>\n<\/div>\n<div>\n<p class=\"p2\"><span>\u2013 Korkeaa tilaa, nosto-ovia, hyv\u00e4t logistiset yhteydet ja tarvittaessa toimistotilat saman katon alla.<o:p><\/o:p><\/span><\/p>\n<\/div>\n<div>\n<p class=\"p1\"><b><span>Varastot ja pienvarastot<\/span><\/b><span><o:p><\/o:p><\/span><\/p>\n<\/div>\n<div>\n<p class=\"p2\"><span>\u2013 K\u00e4tev\u00e4t s\u00e4ilytystilat kausitarpeisiin, tavaralogistiikkaan tai arkistointiin \u2013 my\u00f6s lyhytaikaisesti.<o:p><\/o:p><\/span><\/p>\n<\/div>[\/et_pb_text][\/et_pb_column][\/et_pb_row][et_pb_row _builder_version=&#8221;4.27.4&#8243; _module_preset=&#8221;default&#8221; global_colors_info=&#8221;{}&#8221; locked=&#8221;off&#8221;][et_pb_column type=&#8221;4_4&#8243; _builder_version=&#8221;4.27.4&#8243; _module_preset=&#8221;default&#8221; global_colors_info=&#8221;{}&#8221;][et_pb_text quote_border_color=&#8221;#15c586&#8243; _builder_version=&#8221;4.27.4&#8243; _module_preset=&#8221;77930e9a-8237-4b41-a4aa-f59a689f610b&#8221; link_text_color=&#8221;#15c586&#8243; quote_text_color=&#8221;#15c586&#8243; header_2_font_size=&#8221;49px&#8221; global_colors_info=&#8221;{}&#8221;]<h3 class=\"p1\">Ota yhteytt\u00e4 \u2013 kerromme mielell\u00e4mme lis\u00e4\u00e4<\/h3>\n<p class=\"p3\">Etsitk\u00f6 toimitilaa, joka on heti k\u00e4ytt\u00f6valmis? Haluatko neuvotella tiloista suoraan vuokranantajan kanssa? Me autamme l\u00f6yt\u00e4m\u00e4\u00e4n juuri sinun yrityksellesi sopivan ratkaisun.<\/p>[\/et_pb_text][et_pb_button button_url=&#8221;@ET-DC@eyJkeW5hbWljIjp0cnVlLCJjb250ZW50IjoicG9zdF9saW5rX3VybF9wYWdlIiwic2V0dGluZ3MiOnsicG9zdF9pZCI6IjI1MSJ9fQ==@&#8221; button_text=&#8221;ota yhteytt\u00e4&#8221; button_alignment=&#8221;center&#8221; _builder_version=&#8221;4.27.4&#8243; _dynamic_attributes=&#8221;button_url&#8221; _module_preset=&#8221;a7394296-27e9-4570-9403-b72434fd4777&#8243; global_colors_info=&#8221;{}&#8221;][\/et_pb_button][\/et_pb_column][\/et_pb_row][\/et_pb_section]\n","protected":false},"excerpt":{"rendered":"<p>Vuokraonline tarjoaa yrityksille kattavan valikoiman toimitiloja Kuopiossa, Varkaudessa ja Siilinj\u00e4rvell\u00e4. Olipa kyseess\u00e4 pienimuotoinen toimisto, n\u00e4ytt\u00e4v\u00e4 liiketila tai tehokas tuotanto-\/varastotila, meilt\u00e4 l\u00f6yd\u00e4t toimivat ja hyvin hoidetut ratkaisut yrityksesi k\u00e4ytt\u00f6\u00f6n. Olemme toimineet toimitilojen rakentajana ja vuokranantajana jo yli 40 vuoden ajan. Tunnemme alueen, sen yritykset ja liiketoiminnan tarpeet. Meill\u00e4 asiointi on suoraa, selke\u00e4\u00e4 ja mutkatonta \u2013 suoraan [&hellip;]<\/p>\n","protected":false},"author":1,"featured_media":0,"parent":0,"menu_order":0,"comment_status":"closed","ping_status":"closed","template":"","meta":{"_et_pb_use_builder":"on","_et_pb_old_content":"","_et_gb_content_width":"","footnotes":""},"class_list":["post-151","page","type-page","status-publish","hentry"],"yoast_head":"<!-- This site is optimized with the Yoast SEO plugin v26.1 - https:\/\/yoast.com\/wordpress\/plugins\/seo\/ -->\n<title>Toimitilamme \u2013 vuokrattavat liike- ja toimitilat | VuokraOnline<\/title>\n<meta name=\"description\" content=\"Tutustu kaikkiin toimitilakohteisiimme useissa eri sijainneissa. Modernit ja hyvin hoidetut tilat sopivat monenlaisiin yritystarpeisiin.\" \/>\n<meta name=\"robots\" content=\"index, follow, max-snippet:-1, max-image-preview:large, max-video-preview:-1\" \/>\n<link rel=\"canonical\" href=\"https:\/\/www.vuokraonline.fi\/index.php\/toimitilat\/\" \/>\n<meta property=\"og:locale\" content=\"fi_FI\" \/>\n<meta property=\"og:type\" content=\"article\" \/>\n<meta property=\"og:title\" content=\"Toimitilamme \u2013 vuokrattavat liike- ja toimitilat | VuokraOnline\" \/>\n<meta property=\"og:description\" content=\"Tutustu kaikkiin toimitilakohteisiimme useissa eri sijainneissa. Modernit ja hyvin hoidetut tilat sopivat monenlaisiin yritystarpeisiin.\" \/>\n<meta property=\"og:url\" content=\"https:\/\/www.vuokraonline.fi\/index.php\/toimitilat\/\" \/>\n<meta property=\"og:site_name\" content=\"Vuokraonline\" \/>\n<meta property=\"article:modified_time\" content=\"2025-10-20T09:19:35+00:00\" \/>\n<meta name=\"twitter:card\" content=\"summary_large_image\" \/>\n<meta name=\"twitter:label1\" content=\"Arvioitu lukuaika\" \/>\n\t<meta name=\"twitter:data1\" content=\"1 minuutti\" \/>\n<script type=\"application\/ld+json\" class=\"yoast-schema-graph\">{\"@context\":\"https:\/\/schema.org\",\"@graph\":[{\"@type\":\"WebPage\",\"@id\":\"https:\/\/www.vuokraonline.fi\/index.php\/toimitilat\/\",\"url\":\"https:\/\/www.vuokraonline.fi\/index.php\/toimitilat\/\",\"name\":\"Toimitilamme \u2013 vuokrattavat liike- ja toimitilat | VuokraOnline\",\"isPartOf\":{\"@id\":\"https:\/\/www.vuokraonline.fi\/#website\"},\"datePublished\":\"2025-08-06T15:07:19+00:00\",\"dateModified\":\"2025-10-20T09:19:35+00:00\",\"description\":\"Tutustu kaikkiin toimitilakohteisiimme useissa eri sijainneissa. Modernit ja hyvin hoidetut tilat sopivat monenlaisiin yritystarpeisiin.\",\"breadcrumb\":{\"@id\":\"https:\/\/www.vuokraonline.fi\/index.php\/toimitilat\/#breadcrumb\"},\"inLanguage\":\"fi\",\"potentialAction\":[{\"@type\":\"ReadAction\",\"target\":[\"https:\/\/www.vuokraonline.fi\/index.php\/toimitilat\/\"]}]},{\"@type\":\"BreadcrumbList\",\"@id\":\"https:\/\/www.vuokraonline.fi\/index.php\/toimitilat\/#breadcrumb\",\"itemListElement\":[{\"@type\":\"ListItem\",\"position\":1,\"name\":\"Etusivu\",\"item\":\"https:\/\/www.vuokraonline.fi\/\"},{\"@type\":\"ListItem\",\"position\":2,\"name\":\"Toimitilamme\"}]},{\"@type\":\"WebSite\",\"@id\":\"https:\/\/www.vuokraonline.fi\/#website\",\"url\":\"https:\/\/www.vuokraonline.fi\/\",\"name\":\"Vuokraonline\",\"description\":\"\",\"potentialAction\":[{\"@type\":\"SearchAction\",\"target\":{\"@type\":\"EntryPoint\",\"urlTemplate\":\"https:\/\/www.vuokraonline.fi\/?s={search_term_string}\"},\"query-input\":{\"@type\":\"PropertyValueSpecification\",\"valueRequired\":true,\"valueName\":\"search_term_string\"}}],\"inLanguage\":\"fi\"}]}<\/script>\n<!-- \/ Yoast SEO plugin. -->","yoast_head_json":{"title":"Toimitilamme \u2013 vuokrattavat liike- ja toimitilat | VuokraOnline","description":"Tutustu kaikkiin toimitilakohteisiimme useissa eri sijainneissa. Modernit ja hyvin hoidetut tilat sopivat monenlaisiin yritystarpeisiin.","robots":{"index":"index","follow":"follow","max-snippet":"max-snippet:-1","max-image-preview":"max-image-preview:large","max-video-preview":"max-video-preview:-1"},"canonical":"https:\/\/www.vuokraonline.fi\/index.php\/toimitilat\/","og_locale":"fi_FI","og_type":"article","og_title":"Toimitilamme \u2013 vuokrattavat liike- ja toimitilat | VuokraOnline","og_description":"Tutustu kaikkiin toimitilakohteisiimme useissa eri sijainneissa. Modernit ja hyvin hoidetut tilat sopivat monenlaisiin yritystarpeisiin.","og_url":"https:\/\/www.vuokraonline.fi\/index.php\/toimitilat\/","og_site_name":"Vuokraonline","article_modified_time":"2025-10-20T09:19:35+00:00","twitter_card":"summary_large_image","twitter_misc":{"Arvioitu lukuaika":"1 minuutti"},"schema":{"@context":"https:\/\/schema.org","@graph":[{"@type":"WebPage","@id":"https:\/\/www.vuokraonline.fi\/index.php\/toimitilat\/","url":"https:\/\/www.vuokraonline.fi\/index.php\/toimitilat\/","name":"Toimitilamme \u2013 vuokrattavat liike- ja toimitilat | VuokraOnline","isPartOf":{"@id":"https:\/\/www.vuokraonline.fi\/#website"},"datePublished":"2025-08-06T15:07:19+00:00","dateModified":"2025-10-20T09:19:35+00:00","description":"Tutustu kaikkiin toimitilakohteisiimme useissa eri sijainneissa. Modernit ja hyvin hoidetut tilat sopivat monenlaisiin yritystarpeisiin.","breadcrumb":{"@id":"https:\/\/www.vuokraonline.fi\/index.php\/toimitilat\/#breadcrumb"},"inLanguage":"fi","potentialAction":[{"@type":"ReadAction","target":["https:\/\/www.vuokraonline.fi\/index.php\/toimitilat\/"]}]},{"@type":"BreadcrumbList","@id":"https:\/\/www.vuokraonline.fi\/index.php\/toimitilat\/#breadcrumb","itemListElement":[{"@type":"ListItem","position":1,"name":"Etusivu","item":"https:\/\/www.vuokraonline.fi\/"},{"@type":"ListItem","position":2,"name":"Toimitilamme"}]},{"@type":"WebSite","@id":"https:\/\/www.vuokraonline.fi\/#website","url":"https:\/\/www.vuokraonline.fi\/","name":"Vuokraonline","description":"","potentialAction":[{"@type":"SearchAction","target":{"@type":"EntryPoint","urlTemplate":"https:\/\/www.vuokraonline.fi\/?s={search_term_string}"},"query-input":{"@type":"PropertyValueSpecification","valueRequired":true,"valueName":"search_term_string"}}],"inLanguage":"fi"}]}},"_links":{"self":[{"href":"https:\/\/www.vuokraonline.fi\/index.php\/wp-json\/wp\/v2\/pages\/151","targetHints":{"allow":["GET"]}}],"collection":[{"href":"https:\/\/www.vuokraonline.fi\/index.php\/wp-json\/wp\/v2\/pages"}],"about":[{"href":"https:\/\/www.vuokraonline.fi\/index.php\/wp-json\/wp\/v2\/types\/page"}],"author":[{"embeddable":true,"href":"https:\/\/www.vuokraonline.fi\/index.php\/wp-json\/wp\/v2\/users\/1"}],"replies":[{"embeddable":true,"href":"https:\/\/www.vuokraonline.fi\/index.php\/wp-json\/wp\/v2\/comments?post=151"}],"version-history":[{"count":7,"href":"https:\/\/www.vuokraonline.fi\/index.php\/wp-json\/wp\/v2\/pages\/151\/revisions"}],"predecessor-version":[{"id":437,"href":"https:\/\/www.vuokraonline.fi\/index.php\/wp-json\/wp\/v2\/pages\/151\/revisions\/437"}],"wp:attachment":[{"href":"https:\/\/www.vuokraonline.fi\/index.php\/wp-json\/wp\/v2\/media?parent=151"}],"curies":[{"name":"wp","href":"https:\/\/api.w.org\/{rel}","templated":true}]}}