{"id":184,"date":"2025-08-25T17:59:46","date_gmt":"2025-08-25T17:59:46","guid":{"rendered":"https:\/\/uudet.vuokraonline.fi\/?page_id=184"},"modified":"2025-10-21T07:07:21","modified_gmt":"2025-10-21T07:07:21","slug":"kisallinkuja-12","status":"publish","type":"page","link":"https:\/\/www.vuokraonline.fi\/index.php\/kisallinkuja-12\/","title":{"rendered":"Kis\u00e4llinkuja 12, Kuopio"},"content":{"rendered":"<p>[et_pb_section fb_built=&#8221;1&#8243; custom_padding_last_edited=&#8221;on|phone&#8221; admin_label=&#8221;Header&#8221; _builder_version=&#8221;4.27.4&#8243; _module_preset=&#8221;37f5b643-fb8c-4844-811b-3e79047ac5f1&#8243; background_enable_color=&#8221;off&#8221; background_color_gradient_stops=&#8221;rgba(0,0,0,0.44) 0%|rgba(0,0,0,0.3) 100%&#8221; background_image=&#8221;https:\/\/uudet.vuokraonline.fi\/wp-content\/uploads\/2025\/08\/kisallikuja-12.jpg&#8221; background_position=&#8221;top_center&#8221; height=&#8221;100vh&#8221; height_tablet=&#8221;&#8221; height_phone=&#8221;53vh&#8221; height_last_edited=&#8221;on|tablet&#8221; custom_padding=&#8221;20vw||0px||false|false&#8221; custom_padding_tablet=&#8221;20vw||0px||false|false&#8221; custom_padding_phone=&#8221;20vw||0px||false|false&#8221; background_last_edited=&#8221;on|phone&#8221; background_size_phone=&#8221;cover&#8221; background_position_phone=&#8221;center_right&#8221; background_horizontal_offset_phone=&#8221;46%&#8221; background_vertical_offset_phone=&#8221;0%&#8221; global_colors_info=&#8221;{}&#8221;][et_pb_row _builder_version=&#8221;4.27.4&#8243; _module_preset=&#8221;d2b03d10-1829-4b8a-bc73-4e42bc0d3a73&#8243; global_colors_info=&#8221;{}&#8221;][et_pb_column type=&#8221;4_4&#8243; _builder_version=&#8221;4.25.2&#8243; _module_preset=&#8221;default&#8221; global_colors_info=&#8221;{}&#8221;][et_pb_heading title=&#8221;Kis\u00e4llinkuja 12, Kuopio&#8221; _builder_version=&#8221;4.27.4&#8243; _module_preset=&#8221;0a7e8b32-47f4-4c8f-afc1-21bd78a3cee9&#8243; title_text_color=&#8221;#FFFFFF&#8221; max_width=&#8221;1080px&#8221; title_font_size_phone=&#8221;30px&#8221; global_colors_info=&#8221;{}&#8221;][\/et_pb_heading][\/et_pb_column][\/et_pb_row][\/et_pb_section][et_pb_section fb_built=&#8221;1&#8243; admin_label=&#8221;Header&#8221; _builder_version=&#8221;4.25.2&#8243; _module_preset=&#8221;default&#8221; background_enable_color=&#8221;off&#8221; locked=&#8221;off&#8221; global_colors_info=&#8221;{%22gcid-b6c4f12c-f25d-4f61-9fb1-6e96404634cd%22:%91%22background_color%22%93}&#8221;][et_pb_row column_structure=&#8221;3_5,2_5&#8243; _builder_version=&#8221;4.27.4&#8243; _module_preset=&#8221;e88d693a-9397-4856-ba57-5eb34aee000b&#8221; custom_margin=&#8221;0px|auto||auto|false|false&#8221; custom_padding=&#8221;0px||||false|false&#8221; global_colors_info=&#8221;{}&#8221;][et_pb_column type=&#8221;3_5&#8243; _builder_version=&#8221;4.25.2&#8243; _module_preset=&#8221;default&#8221; global_colors_info=&#8221;{}&#8221;][et_pb_text quote_border_color=&#8221;#15c586&#8243; _builder_version=&#8221;4.27.4&#8243; _module_preset=&#8221;77930e9a-8237-4b41-a4aa-f59a689f610b&#8221; link_text_color=&#8221;#15c586&#8243; quote_font=&#8221;&#8211;et_global_body_font||||||||&#8221; quote_text_color=&#8221;#15c586&#8243; hover_enabled=&#8221;0&#8243; global_colors_info=&#8221;{}&#8221; sticky_enabled=&#8221;0&#8243;]<\/p>\n<h3>Noin <span>1 100 m\u00b2 hallikokonaisuus<\/span><\/h3>\n<p><span>Hyv\u00e4kuntoinen kiinteist\u00f6, kokonaisala noin 1 100 m\u00b2. T\u00e4ll\u00e4 hetkell\u00e4 kokonaan vuokrattu, yksitt\u00e4isi\u00e4 toimistohuoneita ja pienvarastoja on aina tarjolla.<\/span><\/p>\n<h3><span>Faktat p\u00e4hkin\u00e4nkuoressa<\/span><\/h3>\n<ul>\n<li><span>Sijainti: Kis\u00e4llinkuja 12, Kuopio<\/span><\/li>\n<li><span>Pinta-ala n. 1 100 m\u00b2. Monipuolinen tilajako, isoimmat hallitilat noin 250m2 ja pienimm\u00e4t noin 100m2.<\/span><\/li>\n<li>Vuokralaisia\/k\u00e4ytt\u00e4ji\u00e4:\n<ul>\n<li style=\"list-style-type: none;\">\n<ul>\n<li>Kaupunkivarasto &#8211; tarjoaa pienvarastojen lis\u00e4ksi my\u00f6s toimistohuoneita t\u00e4ss\u00e4 kohteessa<span><\/span><\/li>\n<li>Kattotutka Oy<\/li>\n<li>Monsi Oy<\/li>\n<\/ul>\n<\/li>\n<\/ul>\n<\/li>\n<\/ul>\n<h3><span>Miksi t\u00e4m\u00e4 kohde?<\/span><\/h3>\n<p><span>Selke\u00e4t ja muunneltavat tilat varastointiin ja pienteollisuuteen. Tarjolla on runsaasti eri kokoisia pienvarastotiloja sek\u00e4 erillisi\u00e4 toimistohuoneita.<\/span><\/p>\n<p>[\/et_pb_text][\/et_pb_column][et_pb_column type=&#8221;2_5&#8243; _builder_version=&#8221;4.25.2&#8243; _module_preset=&#8221;default&#8221; global_colors_info=&#8221;{}&#8221;][et_pb_image src=&#8221;https:\/\/uudet.vuokraonline.fi\/wp-content\/uploads\/2025\/08\/Kisallikuva-12-ilma.jpg&#8221; alt=&#8221;Kis\u00e4llinkuja 12 ilma&#8221; title_text=&#8221;Kis\u00e4llinkuja 12 ilma&#8221; _builder_version=&#8221;4.27.4&#8243; _module_preset=&#8221;default&#8221; global_colors_info=&#8221;{}&#8221;][\/et_pb_image][et_pb_image src=&#8221;https:\/\/uudet.vuokraonline.fi\/wp-content\/uploads\/2025\/08\/Kisallikuja-12-taka.jpg&#8221; alt=&#8221;Kis\u00e4llinkuja 12 taka&#8221; title_text=&#8221;Kis\u00e4llinkuja 12 taka&#8221; _builder_version=&#8221;4.27.4&#8243; _module_preset=&#8221;default&#8221; global_colors_info=&#8221;{}&#8221;][\/et_pb_image][\/et_pb_column][\/et_pb_row][et_pb_row _builder_version=&#8221;4.27.4&#8243; _module_preset=&#8221;default&#8221; global_colors_info=&#8221;{}&#8221;][et_pb_column type=&#8221;4_4&#8243; _builder_version=&#8221;4.27.4&#8243; _module_preset=&#8221;default&#8221; global_colors_info=&#8221;{}&#8221;][et_pb_text quote_border_color=&#8221;#15c586&#8243; _builder_version=&#8221;4.27.4&#8243; _module_preset=&#8221;77930e9a-8237-4b41-a4aa-f59a689f610b&#8221; link_text_color=&#8221;#15c586&#8243; quote_text_color=&#8221;#15c586&#8243; global_colors_info=&#8221;{}&#8221;]<\/p>\n<h3 class=\"p1\">Ota yhteytt\u00e4 \u2013 kerromme mielell\u00e4mme lis\u00e4\u00e4<\/h3>\n<p class=\"p3\">Etsitk\u00f6 toimitilaa, joka on heti k\u00e4ytt\u00f6valmis? Haluatko neuvotella tiloista suoraan vuokranantajan kanssa? Me autamme l\u00f6yt\u00e4m\u00e4\u00e4n juuri sinun yrityksellesi sopivan ratkaisun.<\/p>\n<p>[\/et_pb_text][et_pb_button button_url=&#8221;@ET-DC@eyJkeW5hbWljIjp0cnVlLCJjb250ZW50IjoicG9zdF9saW5rX3VybF9wYWdlIiwic2V0dGluZ3MiOnsicG9zdF9pZCI6IjI1MSJ9fQ==@&#8221; button_text=&#8221;ota yhteytt\u00e4&#8221; button_alignment=&#8221;center&#8221; _builder_version=&#8221;4.27.4&#8243; _dynamic_attributes=&#8221;button_url&#8221; _module_preset=&#8221;a7394296-27e9-4570-9403-b72434fd4777&#8243; global_colors_info=&#8221;{}&#8221;][\/et_pb_button][\/et_pb_column][\/et_pb_row][\/et_pb_section]<\/p>\n","protected":false},"excerpt":{"rendered":"<p>Noin 1 100 m\u00b2 hallikokonaisuus Hyv\u00e4kuntoinen kiinteist\u00f6, kokonaisala noin 1 100 m\u00b2. T\u00e4ll\u00e4 hetkell\u00e4 kokonaan vuokrattu, yksitt\u00e4isi\u00e4 toimistohuoneita ja pienvarastoja on aina tarjolla. Faktat p\u00e4hkin\u00e4nkuoressa Sijainti: Kis\u00e4llinkuja 12, Kuopio Pinta-ala n. 1 100 m\u00b2. Monipuolinen tilajako, isoimmat hallitilat noin 250m2 ja pienimm\u00e4t noin 100m2. Vuokralaisia\/k\u00e4ytt\u00e4ji\u00e4: Kaupunkivarasto &#8211; tarjoaa pienvarastojen lis\u00e4ksi my\u00f6s toimistohuoneita t\u00e4ss\u00e4 kohteessa Kattotutka [&hellip;]<\/p>\n","protected":false},"author":1,"featured_media":0,"parent":0,"menu_order":0,"comment_status":"closed","ping_status":"closed","template":"","meta":{"_et_pb_use_builder":"on","_et_pb_old_content":"","_et_gb_content_width":"","footnotes":""},"class_list":["post-184","page","type-page","status-publish","hentry"],"yoast_head":"<!-- This site is optimized with the Yoast SEO plugin v26.1 - https:\/\/yoast.com\/wordpress\/plugins\/seo\/ -->\n<title>Kis\u00e4llinkuja 12, Kuopio \u2013 moderni liiketila vuokralle | VuokraOnline<\/title>\n<meta name=\"description\" content=\"Toimitila Kis\u00e4llinkuja 12:ssa Kuopiossa. Moderni ja helposti saavutettava tila yrityksille. Katso lis\u00e4tiedot ja ota yhteytt\u00e4!\" \/>\n<meta name=\"robots\" content=\"index, follow, max-snippet:-1, max-image-preview:large, max-video-preview:-1\" \/>\n<link rel=\"canonical\" href=\"https:\/\/www.vuokraonline.fi\/index.php\/kisallinkuja-12\/\" \/>\n<meta property=\"og:locale\" content=\"fi_FI\" \/>\n<meta property=\"og:type\" content=\"article\" \/>\n<meta property=\"og:title\" content=\"Kis\u00e4llinkuja 12, Kuopio \u2013 moderni liiketila vuokralle | VuokraOnline\" \/>\n<meta property=\"og:description\" content=\"Toimitila Kis\u00e4llinkuja 12:ssa Kuopiossa. Moderni ja helposti saavutettava tila yrityksille. Katso lis\u00e4tiedot ja ota yhteytt\u00e4!\" \/>\n<meta property=\"og:url\" content=\"https:\/\/www.vuokraonline.fi\/index.php\/kisallinkuja-12\/\" \/>\n<meta property=\"og:site_name\" content=\"Vuokraonline\" \/>\n<meta property=\"article:modified_time\" content=\"2025-10-21T07:07:21+00:00\" \/>\n<meta name=\"twitter:card\" content=\"summary_large_image\" \/>\n<meta name=\"twitter:label1\" content=\"Arvioitu lukuaika\" \/>\n\t<meta name=\"twitter:data1\" content=\"2 minuuttia\" \/>\n<script type=\"application\/ld+json\" class=\"yoast-schema-graph\">{\"@context\":\"https:\/\/schema.org\",\"@graph\":[{\"@type\":\"WebPage\",\"@id\":\"https:\/\/www.vuokraonline.fi\/index.php\/kisallinkuja-12\/\",\"url\":\"https:\/\/www.vuokraonline.fi\/index.php\/kisallinkuja-12\/\",\"name\":\"Kis\u00e4llinkuja 12, Kuopio \u2013 moderni liiketila vuokralle | VuokraOnline\",\"isPartOf\":{\"@id\":\"https:\/\/www.vuokraonline.fi\/#website\"},\"datePublished\":\"2025-08-25T17:59:46+00:00\",\"dateModified\":\"2025-10-21T07:07:21+00:00\",\"description\":\"Toimitila Kis\u00e4llinkuja 12:ssa Kuopiossa. Moderni ja helposti saavutettava tila yrityksille. Katso lis\u00e4tiedot ja ota yhteytt\u00e4!\",\"breadcrumb\":{\"@id\":\"https:\/\/www.vuokraonline.fi\/index.php\/kisallinkuja-12\/#breadcrumb\"},\"inLanguage\":\"fi\",\"potentialAction\":[{\"@type\":\"ReadAction\",\"target\":[\"https:\/\/www.vuokraonline.fi\/index.php\/kisallinkuja-12\/\"]}]},{\"@type\":\"BreadcrumbList\",\"@id\":\"https:\/\/www.vuokraonline.fi\/index.php\/kisallinkuja-12\/#breadcrumb\",\"itemListElement\":[{\"@type\":\"ListItem\",\"position\":1,\"name\":\"Etusivu\",\"item\":\"https:\/\/www.vuokraonline.fi\/\"},{\"@type\":\"ListItem\",\"position\":2,\"name\":\"Kis\u00e4llinkuja 12, Kuopio\"}]},{\"@type\":\"WebSite\",\"@id\":\"https:\/\/www.vuokraonline.fi\/#website\",\"url\":\"https:\/\/www.vuokraonline.fi\/\",\"name\":\"Vuokraonline\",\"description\":\"\",\"potentialAction\":[{\"@type\":\"SearchAction\",\"target\":{\"@type\":\"EntryPoint\",\"urlTemplate\":\"https:\/\/www.vuokraonline.fi\/?s={search_term_string}\"},\"query-input\":{\"@type\":\"PropertyValueSpecification\",\"valueRequired\":true,\"valueName\":\"search_term_string\"}}],\"inLanguage\":\"fi\"}]}<\/script>\n<!-- \/ Yoast SEO plugin. -->","yoast_head_json":{"title":"Kis\u00e4llinkuja 12, Kuopio \u2013 moderni liiketila vuokralle | VuokraOnline","description":"Toimitila Kis\u00e4llinkuja 12:ssa Kuopiossa. Moderni ja helposti saavutettava tila yrityksille. Katso lis\u00e4tiedot ja ota yhteytt\u00e4!","robots":{"index":"index","follow":"follow","max-snippet":"max-snippet:-1","max-image-preview":"max-image-preview:large","max-video-preview":"max-video-preview:-1"},"canonical":"https:\/\/www.vuokraonline.fi\/index.php\/kisallinkuja-12\/","og_locale":"fi_FI","og_type":"article","og_title":"Kis\u00e4llinkuja 12, Kuopio \u2013 moderni liiketila vuokralle | VuokraOnline","og_description":"Toimitila Kis\u00e4llinkuja 12:ssa Kuopiossa. Moderni ja helposti saavutettava tila yrityksille. Katso lis\u00e4tiedot ja ota yhteytt\u00e4!","og_url":"https:\/\/www.vuokraonline.fi\/index.php\/kisallinkuja-12\/","og_site_name":"Vuokraonline","article_modified_time":"2025-10-21T07:07:21+00:00","twitter_card":"summary_large_image","twitter_misc":{"Arvioitu lukuaika":"2 minuuttia"},"schema":{"@context":"https:\/\/schema.org","@graph":[{"@type":"WebPage","@id":"https:\/\/www.vuokraonline.fi\/index.php\/kisallinkuja-12\/","url":"https:\/\/www.vuokraonline.fi\/index.php\/kisallinkuja-12\/","name":"Kis\u00e4llinkuja 12, Kuopio \u2013 moderni liiketila vuokralle | VuokraOnline","isPartOf":{"@id":"https:\/\/www.vuokraonline.fi\/#website"},"datePublished":"2025-08-25T17:59:46+00:00","dateModified":"2025-10-21T07:07:21+00:00","description":"Toimitila Kis\u00e4llinkuja 12:ssa Kuopiossa. Moderni ja helposti saavutettava tila yrityksille. Katso lis\u00e4tiedot ja ota yhteytt\u00e4!","breadcrumb":{"@id":"https:\/\/www.vuokraonline.fi\/index.php\/kisallinkuja-12\/#breadcrumb"},"inLanguage":"fi","potentialAction":[{"@type":"ReadAction","target":["https:\/\/www.vuokraonline.fi\/index.php\/kisallinkuja-12\/"]}]},{"@type":"BreadcrumbList","@id":"https:\/\/www.vuokraonline.fi\/index.php\/kisallinkuja-12\/#breadcrumb","itemListElement":[{"@type":"ListItem","position":1,"name":"Etusivu","item":"https:\/\/www.vuokraonline.fi\/"},{"@type":"ListItem","position":2,"name":"Kis\u00e4llinkuja 12, Kuopio"}]},{"@type":"WebSite","@id":"https:\/\/www.vuokraonline.fi\/#website","url":"https:\/\/www.vuokraonline.fi\/","name":"Vuokraonline","description":"","potentialAction":[{"@type":"SearchAction","target":{"@type":"EntryPoint","urlTemplate":"https:\/\/www.vuokraonline.fi\/?s={search_term_string}"},"query-input":{"@type":"PropertyValueSpecification","valueRequired":true,"valueName":"search_term_string"}}],"inLanguage":"fi"}]}},"_links":{"self":[{"href":"https:\/\/www.vuokraonline.fi\/index.php\/wp-json\/wp\/v2\/pages\/184","targetHints":{"allow":["GET"]}}],"collection":[{"href":"https:\/\/www.vuokraonline.fi\/index.php\/wp-json\/wp\/v2\/pages"}],"about":[{"href":"https:\/\/www.vuokraonline.fi\/index.php\/wp-json\/wp\/v2\/types\/page"}],"author":[{"embeddable":true,"href":"https:\/\/www.vuokraonline.fi\/index.php\/wp-json\/wp\/v2\/users\/1"}],"replies":[{"embeddable":true,"href":"https:\/\/www.vuokraonline.fi\/index.php\/wp-json\/wp\/v2\/comments?post=184"}],"version-history":[{"count":16,"href":"https:\/\/www.vuokraonline.fi\/index.php\/wp-json\/wp\/v2\/pages\/184\/revisions"}],"predecessor-version":[{"id":464,"href":"https:\/\/www.vuokraonline.fi\/index.php\/wp-json\/wp\/v2\/pages\/184\/revisions\/464"}],"wp:attachment":[{"href":"https:\/\/www.vuokraonline.fi\/index.php\/wp-json\/wp\/v2\/media?parent=184"}],"curies":[{"name":"wp","href":"https:\/\/api.w.org\/{rel}","templated":true}]}}