{"id":81,"date":"2025-06-14T18:06:20","date_gmt":"2025-06-14T18:06:20","guid":{"rendered":"https:\/\/uudet.vuokraonline.fi\/?page_id=81"},"modified":"2025-10-21T08:38:08","modified_gmt":"2025-10-21T08:38:08","slug":"yrityksille","status":"publish","type":"page","link":"https:\/\/www.vuokraonline.fi\/index.php\/yrityksille\/","title":{"rendered":"Vapaat toimitilat"},"content":{"rendered":"<p>[et_pb_section fb_built=&#8221;1&#8243; custom_padding_last_edited=&#8221;on|phone&#8221; admin_label=&#8221;Header&#8221; _builder_version=&#8221;4.27.4&#8243; _module_preset=&#8221;37f5b643-fb8c-4844-811b-3e79047ac5f1&#8243; background_enable_color=&#8221;off&#8221; background_color_gradient_stops=&#8221;rgba(0,0,0,0.44) 0%|rgba(0,0,0,0.3) 100%&#8221; background_image=&#8221;https:\/\/uudet.vuokraonline.fi\/wp-content\/uploads\/2025\/06\/Photoroom-20241009_110938.png&#8221; background_position=&#8221;top_center&#8221; height=&#8221;100vh&#8221; height_tablet=&#8221;&#8221; height_phone=&#8221;53vh&#8221; height_last_edited=&#8221;on|tablet&#8221; custom_padding=&#8221;20vw||0px||false|false&#8221; custom_padding_tablet=&#8221;20vw||0px||false|false&#8221; custom_padding_phone=&#8221;20vw||0px||false|false&#8221; background_last_edited=&#8221;on|phone&#8221; background_size_phone=&#8221;cover&#8221; background_vertical_offset_phone=&#8221;48%&#8221; global_colors_info=&#8221;{}&#8221;][et_pb_row _builder_version=&#8221;4.25.2&#8243; _module_preset=&#8221;d2b03d10-1829-4b8a-bc73-4e42bc0d3a73&#8243; global_colors_info=&#8221;{}&#8221;][et_pb_column type=&#8221;4_4&#8243; _builder_version=&#8221;4.25.2&#8243; _module_preset=&#8221;default&#8221; global_colors_info=&#8221;{}&#8221;][et_pb_heading title=&#8221;Vapaat toimitilat&#8221; _builder_version=&#8221;4.27.4&#8243; _module_preset=&#8221;0a7e8b32-47f4-4c8f-afc1-21bd78a3cee9&#8243; title_text_color=&#8221;#FFFFFF&#8221; max_width=&#8221;1080px&#8221; title_font_size_phone=&#8221;45px&#8221; global_colors_info=&#8221;{}&#8221;][\/et_pb_heading][\/et_pb_column][\/et_pb_row][\/et_pb_section][et_pb_section fb_built=&#8221;1&#8243; admin_label=&#8221;Listings&#8221; _builder_version=&#8221;4.25.2&#8243; _module_preset=&#8221;default&#8221; locked=&#8221;off&#8221; global_colors_info=&#8221;{}&#8221;][et_pb_row _builder_version=&#8221;4.25.2&#8243; _module_preset=&#8221;d2b03d10-1829-4b8a-bc73-4e42bc0d3a73&#8243; global_colors_info=&#8221;{}&#8221;][et_pb_column type=&#8221;4_4&#8243; _builder_version=&#8221;4.25.2&#8243; _module_preset=&#8221;default&#8221; global_colors_info=&#8221;{}&#8221;][et_pb_heading title=&#8221;Vapaat ja vapautuvat kohteemme&#8221; _builder_version=&#8221;4.27.4&#8243; _module_preset=&#8221;1adda5de-f446-4a77-897a-417c90a0cf22&#8243; title_text_align_tablet=&#8221;&#8221; title_text_align_phone=&#8221;center&#8221; title_text_align_last_edited=&#8221;on|phone&#8221; global_colors_info=&#8221;{}&#8221;][\/et_pb_heading][\/et_pb_column][\/et_pb_row][et_pb_row column_structure=&#8221;1_2,1_2&#8243; use_custom_gutter=&#8221;on&#8221; gutter_width=&#8221;2&#8243; make_equal=&#8221;on&#8221; _builder_version=&#8221;4.27.4&#8243; _module_preset=&#8221;d2b03d10-1829-4b8a-bc73-4e42bc0d3a73&#8243; locked=&#8221;off&#8221; global_colors_info=&#8221;{}&#8221;][et_pb_column type=&#8221;1_2&#8243; _builder_version=&#8221;4.25.2&#8243; _module_preset=&#8221;default&#8221; global_colors_info=&#8221;{}&#8221;][et_pb_image src=&#8221;https:\/\/uudet.vuokraonline.fi\/wp-content\/uploads\/2025\/08\/pioneerinkatu-22-kuopio.jpg&#8221; alt=&#8221;pioneerinkatu 20 kuopio&#8221; title_text=&#8221;pioneerinkatu 20 kuopio&#8221; url=&#8221;@ET-DC@eyJkeW5hbWljIjp0cnVlLCJjb250ZW50IjoicG9zdF9saW5rX3VybF9wYWdlIiwic2V0dGluZ3MiOnsicG9zdF9pZCI6IjIxMyJ9fQ==@&#8221; url_new_window=&#8221;on&#8221; _builder_version=&#8221;4.27.4&#8243; _dynamic_attributes=&#8221;url&#8221; _module_preset=&#8221;ea2500b0-03a0-42f2-a008-e149edead05e&#8221; custom_margin=&#8221;||20px|||&#8221; filter_saturate=&#8221;112%&#8221; global_colors_info=&#8221;{}&#8221;][\/et_pb_image][et_pb_heading title=&#8221;Pioneerinkatu 20, Kuopio&#8221; _builder_version=&#8221;4.27.4&#8243; _module_preset=&#8221;d73b9d4f-4ed7-4ac7-a9b8-c04e7459f1f3&#8243; title_font=&#8221;Arimo|700|||||||&#8221; custom_margin=&#8221;-13px||0px||false|false&#8221; locked=&#8221;off&#8221; global_colors_info=&#8221;{}&#8221;][\/et_pb_heading][\/et_pb_column][et_pb_column type=&#8221;1_2&#8243; _builder_version=&#8221;4.25.2&#8243; _module_preset=&#8221;default&#8221; global_colors_info=&#8221;{}&#8221;][et_pb_image src=&#8221;https:\/\/www.vuokraonline.fi\/wp-content\/uploads\/2025\/10\/20250530_142807-scaled.jpg&#8221; alt=&#8221;mekaanikonkuja&#8221; title_text=&#8221;WhatsApp-Image-2018-07-02-at-10.14.23&#8243; url=&#8221;@ET-DC@eyJkeW5hbWljIjp0cnVlLCJjb250ZW50IjoicG9zdF9saW5rX3VybF9wYWdlIiwic2V0dGluZ3MiOnsicG9zdF9pZCI6IjE2MiJ9fQ==@&#8221; url_new_window=&#8221;on&#8221; _builder_version=&#8221;4.27.4&#8243; _dynamic_attributes=&#8221;url&#8221; _module_preset=&#8221;ea2500b0-03a0-42f2-a008-e149edead05e&#8221; width=&#8221;100%&#8221; min_height=&#8221;227px&#8221; custom_margin=&#8221;||-8px|||&#8221; custom_padding=&#8221;||15px|||&#8221; hover_enabled=&#8221;0&#8243; global_colors_info=&#8221;{}&#8221; sticky_enabled=&#8221;0&#8243;][\/et_pb_image][et_pb_heading title=&#8221;Lumitie 1, Kuopio&#8221; _builder_version=&#8221;4.27.4&#8243; _module_preset=&#8221;d73b9d4f-4ed7-4ac7-a9b8-c04e7459f1f3&#8243; title_font=&#8221;Arimo|700|||||||&#8221; custom_margin=&#8221;||0px||false|false&#8221; global_colors_info=&#8221;{}&#8221;][\/et_pb_heading][\/et_pb_column][\/et_pb_row][et_pb_row _builder_version=&#8221;4.27.4&#8243; _module_preset=&#8221;default&#8221; locked=&#8221;off&#8221; global_colors_info=&#8221;{}&#8221;][et_pb_column type=&#8221;4_4&#8243; _builder_version=&#8221;4.27.4&#8243; _module_preset=&#8221;default&#8221; global_colors_info=&#8221;{}&#8221;][et_pb_text quote_border_color=&#8221;#15c586&#8243; _builder_version=&#8221;4.27.4&#8243; _module_preset=&#8221;77930e9a-8237-4b41-a4aa-f59a689f610b&#8221; link_text_color=&#8221;#15c586&#8243; quote_text_color=&#8221;#15c586&#8243; header_2_font_size=&#8221;49px&#8221; global_colors_info=&#8221;{}&#8221;]<\/p>\n<h3 class=\"p1\">Ota yhteytt\u00e4 \u2013 kerromme mielell\u00e4mme lis\u00e4\u00e4<\/h3>\n<p class=\"p3\">Etsitk\u00f6 toimitilaa, joka on heti k\u00e4ytt\u00f6valmis? Haluatko neuvotella tiloista suoraan vuokranantajan kanssa? Me autamme l\u00f6yt\u00e4m\u00e4\u00e4n juuri sinun yrityksellesi sopivan ratkaisun.<\/p>\n<p>[\/et_pb_text][et_pb_button button_url=&#8221;@ET-DC@eyJkeW5hbWljIjp0cnVlLCJjb250ZW50IjoicG9zdF9saW5rX3VybF9wYWdlIiwic2V0dGluZ3MiOnsicG9zdF9pZCI6IjI1MSJ9fQ==@&#8221; button_text=&#8221;ota yhteytt\u00e4&#8221; button_alignment=&#8221;center&#8221; _builder_version=&#8221;4.27.4&#8243; _dynamic_attributes=&#8221;button_url&#8221; _module_preset=&#8221;a7394296-27e9-4570-9403-b72434fd4777&#8243; global_colors_info=&#8221;{}&#8221;][\/et_pb_button][\/et_pb_column][\/et_pb_row][\/et_pb_section]<\/p>\n","protected":false},"excerpt":{"rendered":"<p>Ota yhteytt\u00e4 \u2013 kerromme mielell\u00e4mme lis\u00e4\u00e4 Etsitk\u00f6 toimitilaa, joka on heti k\u00e4ytt\u00f6valmis? Haluatko neuvotella tiloista suoraan vuokranantajan kanssa? Me autamme l\u00f6yt\u00e4m\u00e4\u00e4n juuri sinun yrityksellesi sopivan ratkaisun.<\/p>\n","protected":false},"author":1,"featured_media":0,"parent":0,"menu_order":0,"comment_status":"closed","ping_status":"closed","template":"","meta":{"_et_pb_use_builder":"on","_et_pb_old_content":"","_et_gb_content_width":"","footnotes":""},"class_list":["post-81","page","type-page","status-publish","hentry"],"yoast_head":"<!-- This site is optimized with the Yoast SEO plugin v26.1 - https:\/\/yoast.com\/wordpress\/plugins\/seo\/ -->\n<title>Vapaat toimitilat Kuopiossa ja l\u00e4hialueilla | VuokraOnline<\/title>\n<meta name=\"description\" content=\"Tutustu vapaisiin toimitiloihimme Kuopiossa, Jyv\u00e4skyl\u00e4ss\u00e4 ja Siilinj\u00e4rvell\u00e4. L\u00f6yd\u00e4 yrityksellesi sopiva tila helposti ja nopeasti.\" \/>\n<meta name=\"robots\" content=\"index, follow, max-snippet:-1, max-image-preview:large, max-video-preview:-1\" \/>\n<link rel=\"canonical\" href=\"https:\/\/www.vuokraonline.fi\/index.php\/yrityksille\/\" \/>\n<meta property=\"og:locale\" content=\"fi_FI\" \/>\n<meta property=\"og:type\" content=\"article\" \/>\n<meta property=\"og:title\" content=\"Vapaat toimitilat Kuopiossa ja l\u00e4hialueilla | VuokraOnline\" \/>\n<meta property=\"og:description\" content=\"Tutustu vapaisiin toimitiloihimme Kuopiossa, Jyv\u00e4skyl\u00e4ss\u00e4 ja Siilinj\u00e4rvell\u00e4. L\u00f6yd\u00e4 yrityksellesi sopiva tila helposti ja nopeasti.\" \/>\n<meta property=\"og:url\" content=\"https:\/\/www.vuokraonline.fi\/index.php\/yrityksille\/\" \/>\n<meta property=\"og:site_name\" content=\"Vuokraonline\" \/>\n<meta property=\"article:modified_time\" content=\"2025-10-21T08:38:08+00:00\" \/>\n<meta name=\"twitter:card\" content=\"summary_large_image\" \/>\n<meta name=\"twitter:label1\" content=\"Arvioitu lukuaika\" \/>\n\t<meta name=\"twitter:data1\" content=\"1 minuutti\" \/>\n<script type=\"application\/ld+json\" class=\"yoast-schema-graph\">{\"@context\":\"https:\/\/schema.org\",\"@graph\":[{\"@type\":\"WebPage\",\"@id\":\"https:\/\/www.vuokraonline.fi\/index.php\/yrityksille\/\",\"url\":\"https:\/\/www.vuokraonline.fi\/index.php\/yrityksille\/\",\"name\":\"Vapaat toimitilat Kuopiossa ja l\u00e4hialueilla | VuokraOnline\",\"isPartOf\":{\"@id\":\"https:\/\/www.vuokraonline.fi\/#website\"},\"datePublished\":\"2025-06-14T18:06:20+00:00\",\"dateModified\":\"2025-10-21T08:38:08+00:00\",\"description\":\"Tutustu vapaisiin toimitiloihimme Kuopiossa, Jyv\u00e4skyl\u00e4ss\u00e4 ja Siilinj\u00e4rvell\u00e4. L\u00f6yd\u00e4 yrityksellesi sopiva tila helposti ja nopeasti.\",\"breadcrumb\":{\"@id\":\"https:\/\/www.vuokraonline.fi\/index.php\/yrityksille\/#breadcrumb\"},\"inLanguage\":\"fi\",\"potentialAction\":[{\"@type\":\"ReadAction\",\"target\":[\"https:\/\/www.vuokraonline.fi\/index.php\/yrityksille\/\"]}]},{\"@type\":\"BreadcrumbList\",\"@id\":\"https:\/\/www.vuokraonline.fi\/index.php\/yrityksille\/#breadcrumb\",\"itemListElement\":[{\"@type\":\"ListItem\",\"position\":1,\"name\":\"Etusivu\",\"item\":\"https:\/\/www.vuokraonline.fi\/\"},{\"@type\":\"ListItem\",\"position\":2,\"name\":\"Vapaat toimitilat\"}]},{\"@type\":\"WebSite\",\"@id\":\"https:\/\/www.vuokraonline.fi\/#website\",\"url\":\"https:\/\/www.vuokraonline.fi\/\",\"name\":\"Vuokraonline\",\"description\":\"\",\"potentialAction\":[{\"@type\":\"SearchAction\",\"target\":{\"@type\":\"EntryPoint\",\"urlTemplate\":\"https:\/\/www.vuokraonline.fi\/?s={search_term_string}\"},\"query-input\":{\"@type\":\"PropertyValueSpecification\",\"valueRequired\":true,\"valueName\":\"search_term_string\"}}],\"inLanguage\":\"fi\"}]}<\/script>\n<!-- \/ Yoast SEO plugin. -->","yoast_head_json":{"title":"Vapaat toimitilat Kuopiossa ja l\u00e4hialueilla | VuokraOnline","description":"Tutustu vapaisiin toimitiloihimme Kuopiossa, Jyv\u00e4skyl\u00e4ss\u00e4 ja Siilinj\u00e4rvell\u00e4. L\u00f6yd\u00e4 yrityksellesi sopiva tila helposti ja nopeasti.","robots":{"index":"index","follow":"follow","max-snippet":"max-snippet:-1","max-image-preview":"max-image-preview:large","max-video-preview":"max-video-preview:-1"},"canonical":"https:\/\/www.vuokraonline.fi\/index.php\/yrityksille\/","og_locale":"fi_FI","og_type":"article","og_title":"Vapaat toimitilat Kuopiossa ja l\u00e4hialueilla | VuokraOnline","og_description":"Tutustu vapaisiin toimitiloihimme Kuopiossa, Jyv\u00e4skyl\u00e4ss\u00e4 ja Siilinj\u00e4rvell\u00e4. L\u00f6yd\u00e4 yrityksellesi sopiva tila helposti ja nopeasti.","og_url":"https:\/\/www.vuokraonline.fi\/index.php\/yrityksille\/","og_site_name":"Vuokraonline","article_modified_time":"2025-10-21T08:38:08+00:00","twitter_card":"summary_large_image","twitter_misc":{"Arvioitu lukuaika":"1 minuutti"},"schema":{"@context":"https:\/\/schema.org","@graph":[{"@type":"WebPage","@id":"https:\/\/www.vuokraonline.fi\/index.php\/yrityksille\/","url":"https:\/\/www.vuokraonline.fi\/index.php\/yrityksille\/","name":"Vapaat toimitilat Kuopiossa ja l\u00e4hialueilla | VuokraOnline","isPartOf":{"@id":"https:\/\/www.vuokraonline.fi\/#website"},"datePublished":"2025-06-14T18:06:20+00:00","dateModified":"2025-10-21T08:38:08+00:00","description":"Tutustu vapaisiin toimitiloihimme Kuopiossa, Jyv\u00e4skyl\u00e4ss\u00e4 ja Siilinj\u00e4rvell\u00e4. L\u00f6yd\u00e4 yrityksellesi sopiva tila helposti ja nopeasti.","breadcrumb":{"@id":"https:\/\/www.vuokraonline.fi\/index.php\/yrityksille\/#breadcrumb"},"inLanguage":"fi","potentialAction":[{"@type":"ReadAction","target":["https:\/\/www.vuokraonline.fi\/index.php\/yrityksille\/"]}]},{"@type":"BreadcrumbList","@id":"https:\/\/www.vuokraonline.fi\/index.php\/yrityksille\/#breadcrumb","itemListElement":[{"@type":"ListItem","position":1,"name":"Etusivu","item":"https:\/\/www.vuokraonline.fi\/"},{"@type":"ListItem","position":2,"name":"Vapaat toimitilat"}]},{"@type":"WebSite","@id":"https:\/\/www.vuokraonline.fi\/#website","url":"https:\/\/www.vuokraonline.fi\/","name":"Vuokraonline","description":"","potentialAction":[{"@type":"SearchAction","target":{"@type":"EntryPoint","urlTemplate":"https:\/\/www.vuokraonline.fi\/?s={search_term_string}"},"query-input":{"@type":"PropertyValueSpecification","valueRequired":true,"valueName":"search_term_string"}}],"inLanguage":"fi"}]}},"_links":{"self":[{"href":"https:\/\/www.vuokraonline.fi\/index.php\/wp-json\/wp\/v2\/pages\/81","targetHints":{"allow":["GET"]}}],"collection":[{"href":"https:\/\/www.vuokraonline.fi\/index.php\/wp-json\/wp\/v2\/pages"}],"about":[{"href":"https:\/\/www.vuokraonline.fi\/index.php\/wp-json\/wp\/v2\/types\/page"}],"author":[{"embeddable":true,"href":"https:\/\/www.vuokraonline.fi\/index.php\/wp-json\/wp\/v2\/users\/1"}],"replies":[{"embeddable":true,"href":"https:\/\/www.vuokraonline.fi\/index.php\/wp-json\/wp\/v2\/comments?post=81"}],"version-history":[{"count":18,"href":"https:\/\/www.vuokraonline.fi\/index.php\/wp-json\/wp\/v2\/pages\/81\/revisions"}],"predecessor-version":[{"id":493,"href":"https:\/\/www.vuokraonline.fi\/index.php\/wp-json\/wp\/v2\/pages\/81\/revisions\/493"}],"wp:attachment":[{"href":"https:\/\/www.vuokraonline.fi\/index.php\/wp-json\/wp\/v2\/media?parent=81"}],"curies":[{"name":"wp","href":"https:\/\/api.w.org\/{rel}","templated":true}]}}